{"id":673,"date":"2022-03-17T17:02:37","date_gmt":"2022-03-17T17:02:37","guid":{"rendered":"https:\/\/movingflores.com\/demenagements-nationaux\/"},"modified":"2022-05-05T09:41:16","modified_gmt":"2022-05-05T09:41:16","slug":"demenagements-nationaux","status":"publish","type":"page","link":"https:\/\/movingflores.com\/fr\/demenagements-nationaux\/","title":{"rendered":"D\u00e9m\u00e9nagements nationaux"},"content":{"rendered":"<p><div class=\"fusion-fullwidth fullwidth-box fusion-builder-row-1 fusion-flex-container fusion-parallax-none nonhundred-percent-fullwidth non-hundred-percent-height-scrolling\" style=\"--awb-background-blend-mode:overlay;--awb-border-radius-top-left:0px;--awb-border-radius-top-right:0px;--awb-border-radius-bottom-right:0px;--awb-border-radius-bottom-left:0px;--awb-min-height:500px;--awb-background-color:rgba(0,0,0,0.46);--awb-background-image:url(&quot;https:\/\/movingflores.com\/wp-content\/uploads\/2022\/03\/transportes-flores-mudanzas-nacionales.jpg&quot;);--awb-background-size:cover;--awb-flex-wrap:wrap;\" ><div class=\"fusion-builder-row fusion-row fusion-flex-align-items-center fusion-flex-content-wrap\" style=\"max-width:1248px;margin-left: calc(-4% \/ 2 );margin-right: calc(-4% \/ 2 );\"><div class=\"fusion-layout-column fusion_builder_column fusion-builder-column-0 fusion_builder_column_1_1 1_1 fusion-flex-column\" style=\"--awb-bg-size:cover;--awb-width-large:100%;--awb-margin-top-large:0px;--awb-spacing-right-large:1.92%;--awb-margin-bottom-large:20px;--awb-spacing-left-large:1.92%;--awb-width-medium:100%;--awb-order-medium:0;--awb-spacing-right-medium:1.92%;--awb-spacing-left-medium:1.92%;--awb-width-small:100%;--awb-order-small:0;--awb-spacing-right-small:1.92%;--awb-spacing-left-small:1.92%;\"><div class=\"fusion-column-wrapper fusion-column-has-shadow fusion-flex-justify-content-flex-start fusion-content-layout-column\"><div class=\"fusion-title title fusion-title-1 fusion-sep-none fusion-title-text fusion-title-size-one\" style=\"--awb-text-color:#ffffff;--awb-margin-top-small:10px;--awb-margin-right-small:0px;--awb-margin-bottom-small:10px;--awb-margin-left-small:0px;\"><h1 class=\"fusion-title-heading title-heading-left fusion-responsive-typography-calculated\" style=\"margin:0;--fontSize:54;line-height:1.16;\">D\u00e9m\u00e9nagements nationaux<\/h1><\/div><div class=\"fusion-text fusion-text-1\" style=\"--awb-text-transform:none;--awb-text-color:#ffffff;\"><p>Nous voulons vous offrir le meilleur service possible. Pour cette raison, nous restons \u00e0 votre disposition pour r\u00e9soudre tout doute que vous pourriez avoir.<\/p>\n<\/div><\/div><\/div><\/div><\/div><div class=\"fusion-fullwidth fullwidth-box fusion-builder-row-2 fusion-flex-container nonhundred-percent-fullwidth non-hundred-percent-height-scrolling\" style=\"--awb-border-radius-top-left:0px;--awb-border-radius-top-right:0px;--awb-border-radius-bottom-right:0px;--awb-border-radius-bottom-left:0px;--awb-margin-top:50px;--awb-flex-wrap:wrap;\" ><div class=\"fusion-builder-row fusion-row fusion-flex-align-items-flex-start fusion-flex-content-wrap\" style=\"max-width:1248px;margin-left: calc(-4% \/ 2 );margin-right: calc(-4% \/ 2 );\"><div class=\"fusion-layout-column fusion_builder_column fusion-builder-column-1 fusion_builder_column_1_2 1_2 fusion-flex-column fusion-animated\" style=\"--awb-bg-size:cover;--awb-width-large:50%;--awb-margin-top-large:0px;--awb-spacing-right-large:3.84%;--awb-margin-bottom-large:20px;--awb-spacing-left-large:3.84%;--awb-width-medium:50%;--awb-order-medium:0;--awb-spacing-right-medium:3.84%;--awb-spacing-left-medium:3.84%;--awb-width-small:100%;--awb-order-small:0;--awb-spacing-right-small:1.92%;--awb-spacing-left-small:1.92%;\" data-animationType=\"slideInLeft\" data-animationDuration=\"0.8\" data-animationOffset=\"top-into-view\"><div class=\"fusion-column-wrapper fusion-column-has-shadow fusion-flex-justify-content-flex-start fusion-content-layout-column\"><div class=\"fusion-title title fusion-title-2 fusion-sep-none fusion-title-text fusion-title-size-two\" style=\"--awb-margin-top-small:10px;--awb-margin-right-small:0px;--awb-margin-bottom-small:10px;--awb-margin-left-small:0px;\"><h2 class=\"fusion-title-heading title-heading-left fusion-responsive-typography-calculated\" style=\"margin:0;--fontSize:40;line-height:1.2;\">Sp\u00e9cialistes des d\u00e9m\u00e9nagements nationaux<\/h2><\/div><div class=\"fusion-text fusion-text-2\" style=\"--awb-text-transform:none;\"><p>Nous vous accompagnons dans la mobilisation de vos biens et leur localisation ult\u00e9rieure dans <strong>n&rsquo;importe quelle partie de l&rsquo;Espagne<\/strong>, garantissant un service diligent et s\u00fbr, aux mains de nos collaborateurs exp\u00e9riment\u00e9s dans le domaine, adapt\u00e9s au d\u00e9placement m\u00eame des objets les plus fragiles.<\/p>\n<p>Cependant, malgr\u00e9 le fait que nous soyons attentifs au traitement de vos meubles, nous n&rsquo;ignorons pas qu&rsquo;ils subissent quelques m\u00e9saventures. Pour cette raison, nous avons une <strong>compagnie d&rsquo;assurance de protection des actifs<\/strong> pour vous garantir un service responsable.<\/p>\n<\/div><div style=\"text-align:center;\"><a class=\"fusion-button button-flat fusion-button-default-size button-default fusion-button-default button-1 fusion-button-default-span fusion-button-default-type\" target=\"_self\" href=\"https:\/\/movingflores.com\/fr\/demandez-votre-devis-gratuit\/\"><span class=\"fusion-button-text awb-button__text awb-button__text--default\">Obtenez votre budget gratuitement<\/span><i class=\"fa-angle-right fas awb-button__icon awb-button__icon--default button-icon-right\" aria-hidden=\"true\"><\/i><\/a><\/div><\/div><\/div><div class=\"fusion-layout-column fusion_builder_column fusion-builder-column-2 fusion_builder_column_1_2 1_2 fusion-flex-column fusion-animated\" style=\"--awb-bg-size:cover;--awb-width-large:50%;--awb-margin-top-large:0px;--awb-spacing-right-large:3.84%;--awb-margin-bottom-large:20px;--awb-spacing-left-large:3.84%;--awb-width-medium:50%;--awb-order-medium:0;--awb-spacing-right-medium:3.84%;--awb-spacing-left-medium:3.84%;--awb-width-small:100%;--awb-order-small:0;--awb-spacing-right-small:1.92%;--awb-spacing-left-small:1.92%;\" data-animationType=\"slideInRight\" data-animationDuration=\"0.8\" data-animationOffset=\"top-into-view\"><div class=\"fusion-column-wrapper fusion-column-has-shadow fusion-flex-justify-content-flex-start fusion-content-layout-column\"><div class=\"fusion-image-carousel fusion-image-carousel-auto fusion-image-carousel-1 fusion-carousel-border\"><div class=\"awb-carousel awb-swiper awb-swiper-carousel awb-carousel--carousel awb-swiper-dots-position-bottom\" data-layout=\"carousel\" data-autoplay=\"no\" data-autoplayspeed=\"2500\" data-autoplaypause=\"no\" data-loop=\"yes\" data-columns=\"1\" data-columnsmedium=\"1\" data-columnssmall=\"1\" data-itemmargin=\"0\" data-itemwidth=\"180\" data-touchscroll=\"no\" data-freemode=\"no\" data-imagesize=\"auto\" data-scrollitems=\"0\" data-centeredslides=\"no\" data-rotationangle=\"50\" data-depth=\"100\" data-speed=\"500\" data-shadow=\"no\" data-pagination=\"bullets\" style=\"--awb-columns:1;--awb-column-spacing:0px;--awb-border-width:1px;--awb-border-color:#e9eaee;\"><div class=\"swiper-wrapper awb-image-carousel-wrapper fusion-flex-align-items-center\"><div class=\"swiper-slide\"><div class=\"fusion-carousel-item-wrapper\"><div class=\"fusion-image-wrapper hover-type-none\"><img decoding=\"async\" width=\"600\" height=\"450\" src=\"https:\/\/movingflores.com\/wp-content\/uploads\/2022\/03\/mudanzas-de-vehiculos-barcelona.jpg\" class=\"attachment-full size-full\" alt=\"vehicules-demenagement-barcelone\" srcset=\"https:\/\/movingflores.com\/wp-content\/uploads\/2022\/03\/mudanzas-de-vehiculos-barcelona-200x150.jpg 200w, https:\/\/movingflores.com\/wp-content\/uploads\/2022\/03\/mudanzas-de-vehiculos-barcelona-300x225.jpg 300w, https:\/\/movingflores.com\/wp-content\/uploads\/2022\/03\/mudanzas-de-vehiculos-barcelona-400x300.jpg 400w, https:\/\/movingflores.com\/wp-content\/uploads\/2022\/03\/mudanzas-de-vehiculos-barcelona.jpg 600w\" sizes=\"(max-width: 600px) 100vw, 600px\" \/><\/div><\/div><\/div><div class=\"swiper-slide\"><div class=\"fusion-carousel-item-wrapper\"><div class=\"fusion-image-wrapper hover-type-none\"><img decoding=\"async\" width=\"600\" height=\"450\" src=\"https:\/\/movingflores.com\/wp-content\/uploads\/2022\/03\/mudanzas-nacionales-barcelona.jpg\" class=\"attachment-full size-full\" alt=\"d\u00e9m\u00e9nagements-national-barcelone\" srcset=\"https:\/\/movingflores.com\/wp-content\/uploads\/2022\/03\/mudanzas-nacionales-barcelona-200x150.jpg 200w, https:\/\/movingflores.com\/wp-content\/uploads\/2022\/03\/mudanzas-nacionales-barcelona-300x225.jpg 300w, https:\/\/movingflores.com\/wp-content\/uploads\/2022\/03\/mudanzas-nacionales-barcelona-400x300.jpg 400w, https:\/\/movingflores.com\/wp-content\/uploads\/2022\/03\/mudanzas-nacionales-barcelona.jpg 600w\" sizes=\"(max-width: 600px) 100vw, 600px\" \/><\/div><\/div><\/div><div class=\"swiper-slide\"><div class=\"fusion-carousel-item-wrapper\"><div class=\"fusion-image-wrapper hover-type-none\"><img decoding=\"async\" width=\"600\" height=\"450\" src=\"https:\/\/movingflores.com\/wp-content\/uploads\/2022\/03\/transporte-y-mudanzas-nacionales-barcelona.jpg\" class=\"attachment-full size-full\" alt=\"transport-national-et-demenagements-barcelone\" srcset=\"https:\/\/movingflores.com\/wp-content\/uploads\/2022\/03\/transporte-y-mudanzas-nacionales-barcelona-200x150.jpg 200w, https:\/\/movingflores.com\/wp-content\/uploads\/2022\/03\/transporte-y-mudanzas-nacionales-barcelona-300x225.jpg 300w, https:\/\/movingflores.com\/wp-content\/uploads\/2022\/03\/transporte-y-mudanzas-nacionales-barcelona-400x300.jpg 400w, https:\/\/movingflores.com\/wp-content\/uploads\/2022\/03\/transporte-y-mudanzas-nacionales-barcelona.jpg 600w\" sizes=\"(max-width: 600px) 100vw, 600px\" \/><\/div><\/div><\/div><div class=\"swiper-slide\"><div class=\"fusion-carousel-item-wrapper\"><div class=\"fusion-image-wrapper hover-type-none\"><img decoding=\"async\" width=\"600\" height=\"450\" src=\"https:\/\/movingflores.com\/wp-content\/uploads\/2022\/03\/nuestra-flota-de-vehiculos.jpg\" class=\"attachment-full size-full\" alt=\"notre-flotte-de-vehicules\" srcset=\"https:\/\/movingflores.com\/wp-content\/uploads\/2022\/03\/nuestra-flota-de-vehiculos-200x150.jpg 200w, https:\/\/movingflores.com\/wp-content\/uploads\/2022\/03\/nuestra-flota-de-vehiculos-300x225.jpg 300w, https:\/\/movingflores.com\/wp-content\/uploads\/2022\/03\/nuestra-flota-de-vehiculos-400x300.jpg 400w, https:\/\/movingflores.com\/wp-content\/uploads\/2022\/03\/nuestra-flota-de-vehiculos.jpg 600w\" sizes=\"(max-width: 600px) 100vw, 600px\" \/><\/div><\/div><\/div><\/div><div class=\"awb-swiper-button awb-swiper-button-prev\"><i class=\"awb-icon-angle-left\" aria-hidden=\"true\"><\/i><\/div><div class=\"awb-swiper-button awb-swiper-button-next\"><i class=\"awb-icon-angle-right\" aria-hidden=\"true\"><\/i><\/div><\/div><\/div><\/div><\/div><\/div><\/div><div class=\"fusion-fullwidth fullwidth-box fusion-builder-row-3 fusion-flex-container nonhundred-percent-fullwidth non-hundred-percent-height-scrolling\" style=\"--awb-border-radius-top-left:0px;--awb-border-radius-top-right:0px;--awb-border-radius-bottom-right:0px;--awb-border-radius-bottom-left:0px;--awb-padding-top:50px;--awb-flex-wrap:wrap;\" ><div class=\"fusion-builder-row fusion-row fusion-flex-align-items-flex-start fusion-flex-content-wrap\" style=\"max-width:1248px;margin-left: calc(-4% \/ 2 );margin-right: calc(-4% \/ 2 );\"><div class=\"fusion-layout-column fusion_builder_column fusion-builder-column-3 fusion_builder_column_1_2 1_2 fusion-flex-column fusion-animated\" style=\"--awb-bg-size:cover;--awb-width-large:50%;--awb-margin-top-large:0px;--awb-spacing-right-large:3.84%;--awb-margin-bottom-large:20px;--awb-spacing-left-large:3.84%;--awb-width-medium:50%;--awb-order-medium:0;--awb-spacing-right-medium:3.84%;--awb-spacing-left-medium:3.84%;--awb-width-small:100%;--awb-order-small:0;--awb-spacing-right-small:1.92%;--awb-spacing-left-small:1.92%;\" data-animationType=\"slideInLeft\" data-animationDuration=\"0.8\" data-animationOffset=\"top-into-view\"><div class=\"fusion-column-wrapper fusion-column-has-shadow fusion-flex-justify-content-flex-start fusion-content-layout-column\"><div class=\"fusion-image-carousel fusion-image-carousel-auto fusion-image-carousel-2 fusion-carousel-border\"><div class=\"awb-carousel awb-swiper awb-swiper-carousel awb-carousel--carousel awb-swiper-dots-position-bottom\" data-layout=\"carousel\" data-autoplay=\"no\" data-autoplayspeed=\"2500\" data-autoplaypause=\"no\" data-loop=\"yes\" data-columns=\"1\" data-columnsmedium=\"1\" data-columnssmall=\"1\" data-itemmargin=\"13\" data-itemwidth=\"180\" data-touchscroll=\"no\" data-freemode=\"no\" data-imagesize=\"auto\" data-scrollitems=\"0\" data-centeredslides=\"no\" data-rotationangle=\"50\" data-depth=\"100\" data-speed=\"500\" data-shadow=\"no\" data-pagination=\"bullets\" style=\"--awb-columns:1;--awb-border-width:1px;--awb-border-color:#e9eaee;\"><div class=\"swiper-wrapper awb-image-carousel-wrapper fusion-flex-align-items-center\"><div class=\"swiper-slide\"><div class=\"fusion-carousel-item-wrapper\"><div class=\"fusion-image-wrapper hover-type-none\"><img decoding=\"async\" width=\"600\" height=\"450\" src=\"https:\/\/movingflores.com\/wp-content\/uploads\/2022\/05\/mudanzas-nacionales-barcelona.jpg\" class=\"attachment-full size-full\" alt=\"\" srcset=\"https:\/\/movingflores.com\/wp-content\/uploads\/2022\/05\/mudanzas-nacionales-barcelona-200x150.jpg 200w, https:\/\/movingflores.com\/wp-content\/uploads\/2022\/05\/mudanzas-nacionales-barcelona-300x225.jpg 300w, https:\/\/movingflores.com\/wp-content\/uploads\/2022\/05\/mudanzas-nacionales-barcelona-400x300.jpg 400w, https:\/\/movingflores.com\/wp-content\/uploads\/2022\/05\/mudanzas-nacionales-barcelona.jpg 600w\" sizes=\"(max-width: 600px) 100vw, 600px\" \/><\/div><\/div><\/div><div class=\"swiper-slide\"><div class=\"fusion-carousel-item-wrapper\"><div class=\"fusion-image-wrapper hover-type-none\"><img decoding=\"async\" width=\"600\" height=\"450\" src=\"https:\/\/movingflores.com\/wp-content\/uploads\/2022\/05\/embalaje-ropa-mudanzas.jpg\" class=\"attachment-full size-full\" alt=\"emballage-v\u00eatements-d\u00e9m\u00e9nagement\" srcset=\"https:\/\/movingflores.com\/wp-content\/uploads\/2022\/05\/embalaje-ropa-mudanzas-200x150.jpg 200w, https:\/\/movingflores.com\/wp-content\/uploads\/2022\/05\/embalaje-ropa-mudanzas-300x225.jpg 300w, https:\/\/movingflores.com\/wp-content\/uploads\/2022\/05\/embalaje-ropa-mudanzas-400x300.jpg 400w, https:\/\/movingflores.com\/wp-content\/uploads\/2022\/05\/embalaje-ropa-mudanzas.jpg 600w\" sizes=\"(max-width: 600px) 100vw, 600px\" \/><\/div><\/div><\/div><div class=\"swiper-slide\"><div class=\"fusion-carousel-item-wrapper\"><div class=\"fusion-image-wrapper hover-type-none\"><img decoding=\"async\" width=\"600\" height=\"450\" src=\"https:\/\/movingflores.com\/wp-content\/uploads\/2022\/05\/montaje-de-muebles-mudanzas.jpg\" class=\"attachment-full size-full\" alt=\"montage-de-meubles-demenagement\" srcset=\"https:\/\/movingflores.com\/wp-content\/uploads\/2022\/05\/montaje-de-muebles-mudanzas-200x150.jpg 200w, https:\/\/movingflores.com\/wp-content\/uploads\/2022\/05\/montaje-de-muebles-mudanzas-300x225.jpg 300w, https:\/\/movingflores.com\/wp-content\/uploads\/2022\/05\/montaje-de-muebles-mudanzas-400x300.jpg 400w, https:\/\/movingflores.com\/wp-content\/uploads\/2022\/05\/montaje-de-muebles-mudanzas.jpg 600w\" sizes=\"(max-width: 600px) 100vw, 600px\" \/><\/div><\/div><\/div><div class=\"swiper-slide\"><div class=\"fusion-carousel-item-wrapper\"><div class=\"fusion-image-wrapper hover-type-none\"><img decoding=\"async\" width=\"600\" height=\"450\" src=\"https:\/\/movingflores.com\/wp-content\/uploads\/2022\/05\/gestion-de-estacionamiento.jpg\" class=\"attachment-full size-full\" alt=\"gestion-parking\" srcset=\"https:\/\/movingflores.com\/wp-content\/uploads\/2022\/05\/gestion-de-estacionamiento-200x150.jpg 200w, https:\/\/movingflores.com\/wp-content\/uploads\/2022\/05\/gestion-de-estacionamiento-300x225.jpg 300w, https:\/\/movingflores.com\/wp-content\/uploads\/2022\/05\/gestion-de-estacionamiento-400x300.jpg 400w, https:\/\/movingflores.com\/wp-content\/uploads\/2022\/05\/gestion-de-estacionamiento.jpg 600w\" sizes=\"(max-width: 600px) 100vw, 600px\" \/><\/div><\/div><\/div><\/div><div class=\"awb-swiper-button awb-swiper-button-prev\"><i class=\"awb-icon-angle-left\" aria-hidden=\"true\"><\/i><\/div><div class=\"awb-swiper-button awb-swiper-button-next\"><i class=\"awb-icon-angle-right\" aria-hidden=\"true\"><\/i><\/div><\/div><\/div><\/div><\/div><div class=\"fusion-layout-column fusion_builder_column fusion-builder-column-4 fusion_builder_column_1_2 1_2 fusion-flex-column fusion-animated\" style=\"--awb-bg-size:cover;--awb-width-large:50%;--awb-margin-top-large:0px;--awb-spacing-right-large:3.84%;--awb-margin-bottom-large:20px;--awb-spacing-left-large:3.84%;--awb-width-medium:50%;--awb-order-medium:0;--awb-spacing-right-medium:3.84%;--awb-spacing-left-medium:3.84%;--awb-width-small:100%;--awb-order-small:0;--awb-spacing-right-small:1.92%;--awb-spacing-left-small:1.92%;\" data-animationType=\"slideInRight\" data-animationDuration=\"0.8\" data-animationOffset=\"top-into-view\"><div class=\"fusion-column-wrapper fusion-column-has-shadow fusion-flex-justify-content-flex-start fusion-content-layout-column\"><div class=\"fusion-title title fusion-title-3 fusion-sep-none fusion-title-text fusion-title-size-two\" style=\"--awb-margin-top-small:10px;--awb-margin-right-small:0px;--awb-margin-bottom-small:10px;--awb-margin-left-small:0px;\"><h2 class=\"fusion-title-heading title-heading-left fusion-responsive-typography-calculated\" style=\"margin:0;--fontSize:40;line-height:1.2;\">Prestations de service:<\/h2><\/div><ul style=\"--awb-iconcolor:#070dab;--awb-line-height:27.2px;--awb-icon-width:27.2px;--awb-icon-height:27.2px;--awb-icon-margin:11.2px;--awb-content-margin:38.4px;\" class=\"fusion-checklist fusion-checklist-1 fusion-checklist-default type-icons\"><li class=\"fusion-li-item\" style=\"\"><span class=\"icon-wrapper circle-no\"><i class=\"fusion-li-icon fa-angle-right fas\" aria-hidden=\"true\"><\/i><\/span><div class=\"fusion-li-item-content\">\n<p>Emballage et d\u00e9ballage des meubles<\/p>\n<\/div><\/li><li class=\"fusion-li-item\" style=\"\"><span class=\"icon-wrapper circle-no\"><i class=\"fusion-li-icon fa-angle-right fas\" aria-hidden=\"true\"><\/i><\/span><div class=\"fusion-li-item-content\">\n<p>Fournitures d&#8217;emballage<\/p>\n<\/div><\/li><li class=\"fusion-li-item\" style=\"\"><span class=\"icon-wrapper circle-no\"><i class=\"fusion-li-icon fa-angle-right fas\" aria-hidden=\"true\"><\/i><\/span><div class=\"fusion-li-item-content\">\n<p>D\u00e9montage et montage<\/p>\n<\/div><\/li><li class=\"fusion-li-item\" style=\"\"><span class=\"icon-wrapper circle-no\"><i class=\"fusion-li-icon fa-angle-right fas\" aria-hidden=\"true\"><\/i><\/span><div class=\"fusion-li-item-content\">\n<p>Plateforme \u00e9l\u00e9vatrice<\/p>\n<\/div><\/li><li class=\"fusion-li-item\" style=\"\"><span class=\"icon-wrapper circle-no\"><i class=\"fusion-li-icon fa-angle-right fas\" aria-hidden=\"true\"><\/i><\/span><div class=\"fusion-li-item-content\">\n<p>Protection des biens aupr\u00e8s d&rsquo;une compagnie d&rsquo;assurance<\/p>\n<\/div><\/li><li class=\"fusion-li-item\" style=\"\"><span class=\"icon-wrapper circle-no\"><i class=\"fusion-li-icon fa-angle-right fas\" aria-hidden=\"true\"><\/i><\/span><div class=\"fusion-li-item-content\">\n<p>Prise en charge, transfert et localisation des biens \u00e0 leur destination<\/p>\n<\/div><\/li><li class=\"fusion-li-item\" style=\"\"><span class=\"icon-wrapper circle-no\"><i class=\"fusion-li-icon fa-angle-right fas\" aria-hidden=\"true\"><\/i><\/span><div class=\"fusion-li-item-content\">\n<p>Gestion des autorisations de stationnement<\/p>\n<\/div><\/li><\/ul><\/div><\/div><\/div><\/div><\/p>\n","protected":false},"excerpt":{"rendered":"","protected":false},"author":1,"featured_media":0,"parent":0,"menu_order":0,"comment_status":"closed","ping_status":"closed","template":"100-width.php","meta":{"footnotes":""},"class_list":["post-673","page","type-page","status-publish","hentry"],"yoast_head":"<!-- This site is optimized with the Yoast SEO plugin v27.5 - https:\/\/yoast.com\/product\/yoast-seo-wordpress\/ -->\n<title>D\u00e9m\u00e9nagements nationaux - Moving Flores<\/title>\n<meta name=\"robots\" content=\"index, follow, max-snippet:-1, max-image-preview:large, max-video-preview:-1\" \/>\n<link rel=\"canonical\" href=\"https:\/\/movingflores.com\/fr\/demenagements-nationaux\/\" \/>\n<meta property=\"og:locale\" content=\"fr_FR\" \/>\n<meta property=\"og:type\" content=\"article\" \/>\n<meta property=\"og:title\" content=\"D\u00e9m\u00e9nagements nationaux - Moving Flores\" \/>\n<meta property=\"og:url\" content=\"https:\/\/movingflores.com\/fr\/demenagements-nationaux\/\" \/>\n<meta property=\"og:site_name\" content=\"Moving Flores\" \/>\n<meta property=\"article:modified_time\" content=\"2022-05-05T09:41:16+00:00\" \/>\n<meta name=\"twitter:card\" content=\"summary_large_image\" \/>\n<meta name=\"twitter:label1\" content=\"Dur\u00e9e de lecture estim\u00e9e\" \/>\n\t<meta name=\"twitter:data1\" content=\"20 minutes\" \/>\n<script type=\"application\/ld+json\" class=\"yoast-schema-graph\">{\"@context\":\"https:\\\/\\\/schema.org\",\"@graph\":[{\"@type\":\"WebPage\",\"@id\":\"https:\\\/\\\/movingflores.com\\\/fr\\\/demenagements-nationaux\\\/\",\"url\":\"https:\\\/\\\/movingflores.com\\\/fr\\\/demenagements-nationaux\\\/\",\"name\":\"D\u00e9m\u00e9nagements nationaux - Moving Flores\",\"isPartOf\":{\"@id\":\"https:\\\/\\\/movingflores.com\\\/#website\"},\"datePublished\":\"2022-03-17T17:02:37+00:00\",\"dateModified\":\"2022-05-05T09:41:16+00:00\",\"breadcrumb\":{\"@id\":\"https:\\\/\\\/movingflores.com\\\/fr\\\/demenagements-nationaux\\\/#breadcrumb\"},\"inLanguage\":\"fr-FR\",\"potentialAction\":[{\"@type\":\"ReadAction\",\"target\":[\"https:\\\/\\\/movingflores.com\\\/fr\\\/demenagements-nationaux\\\/\"]}]},{\"@type\":\"BreadcrumbList\",\"@id\":\"https:\\\/\\\/movingflores.com\\\/fr\\\/demenagements-nationaux\\\/#breadcrumb\",\"itemListElement\":[{\"@type\":\"ListItem\",\"position\":1,\"name\":\"Portada\",\"item\":\"https:\\\/\\\/movingflores.com\\\/fr\\\/\"},{\"@type\":\"ListItem\",\"position\":2,\"name\":\"D\u00e9m\u00e9nagements nationaux\"}]},{\"@type\":\"WebSite\",\"@id\":\"https:\\\/\\\/movingflores.com\\\/#website\",\"url\":\"https:\\\/\\\/movingflores.com\\\/\",\"name\":\"Moving Flores\",\"description\":\"Transportes Flores\",\"potentialAction\":[{\"@type\":\"SearchAction\",\"target\":{\"@type\":\"EntryPoint\",\"urlTemplate\":\"https:\\\/\\\/movingflores.com\\\/?s={search_term_string}\"},\"query-input\":{\"@type\":\"PropertyValueSpecification\",\"valueRequired\":true,\"valueName\":\"search_term_string\"}}],\"inLanguage\":\"fr-FR\"}]}<\/script>\n<!-- \/ Yoast SEO plugin. -->","yoast_head_json":{"title":"D\u00e9m\u00e9nagements nationaux - Moving Flores","robots":{"index":"index","follow":"follow","max-snippet":"max-snippet:-1","max-image-preview":"max-image-preview:large","max-video-preview":"max-video-preview:-1"},"canonical":"https:\/\/movingflores.com\/fr\/demenagements-nationaux\/","og_locale":"fr_FR","og_type":"article","og_title":"D\u00e9m\u00e9nagements nationaux - Moving Flores","og_url":"https:\/\/movingflores.com\/fr\/demenagements-nationaux\/","og_site_name":"Moving Flores","article_modified_time":"2022-05-05T09:41:16+00:00","twitter_card":"summary_large_image","twitter_misc":{"Dur\u00e9e de lecture estim\u00e9e":"20 minutes"},"schema":{"@context":"https:\/\/schema.org","@graph":[{"@type":"WebPage","@id":"https:\/\/movingflores.com\/fr\/demenagements-nationaux\/","url":"https:\/\/movingflores.com\/fr\/demenagements-nationaux\/","name":"D\u00e9m\u00e9nagements nationaux - Moving Flores","isPartOf":{"@id":"https:\/\/movingflores.com\/#website"},"datePublished":"2022-03-17T17:02:37+00:00","dateModified":"2022-05-05T09:41:16+00:00","breadcrumb":{"@id":"https:\/\/movingflores.com\/fr\/demenagements-nationaux\/#breadcrumb"},"inLanguage":"fr-FR","potentialAction":[{"@type":"ReadAction","target":["https:\/\/movingflores.com\/fr\/demenagements-nationaux\/"]}]},{"@type":"BreadcrumbList","@id":"https:\/\/movingflores.com\/fr\/demenagements-nationaux\/#breadcrumb","itemListElement":[{"@type":"ListItem","position":1,"name":"Portada","item":"https:\/\/movingflores.com\/fr\/"},{"@type":"ListItem","position":2,"name":"D\u00e9m\u00e9nagements nationaux"}]},{"@type":"WebSite","@id":"https:\/\/movingflores.com\/#website","url":"https:\/\/movingflores.com\/","name":"Moving Flores","description":"Transportes Flores","potentialAction":[{"@type":"SearchAction","target":{"@type":"EntryPoint","urlTemplate":"https:\/\/movingflores.com\/?s={search_term_string}"},"query-input":{"@type":"PropertyValueSpecification","valueRequired":true,"valueName":"search_term_string"}}],"inLanguage":"fr-FR"}]}},"_links":{"self":[{"href":"https:\/\/movingflores.com\/fr\/wp-json\/wp\/v2\/pages\/673","targetHints":{"allow":["GET"]}}],"collection":[{"href":"https:\/\/movingflores.com\/fr\/wp-json\/wp\/v2\/pages"}],"about":[{"href":"https:\/\/movingflores.com\/fr\/wp-json\/wp\/v2\/types\/page"}],"author":[{"embeddable":true,"href":"https:\/\/movingflores.com\/fr\/wp-json\/wp\/v2\/users\/1"}],"replies":[{"embeddable":true,"href":"https:\/\/movingflores.com\/fr\/wp-json\/wp\/v2\/comments?post=673"}],"version-history":[{"count":6,"href":"https:\/\/movingflores.com\/fr\/wp-json\/wp\/v2\/pages\/673\/revisions"}],"predecessor-version":[{"id":704,"href":"https:\/\/movingflores.com\/fr\/wp-json\/wp\/v2\/pages\/673\/revisions\/704"}],"wp:attachment":[{"href":"https:\/\/movingflores.com\/fr\/wp-json\/wp\/v2\/media?parent=673"}],"curies":[{"name":"wp","href":"https:\/\/api.w.org\/{rel}","templated":true}]}}