{"id":680,"date":"2022-03-22T10:25:43","date_gmt":"2022-03-22T10:25:43","guid":{"rendered":"https:\/\/movingflores.com\/depot-de-meubles\/"},"modified":"2022-05-05T09:41:16","modified_gmt":"2022-05-05T09:41:16","slug":"depot-de-meubles","status":"publish","type":"page","link":"https:\/\/movingflores.com\/fr\/depot-de-meubles\/","title":{"rendered":"D\u00e9p\u00f4t de Meubles"},"content":{"rendered":"<p><div class=\"fusion-fullwidth fullwidth-box fusion-builder-row-1 fusion-flex-container fusion-parallax-none nonhundred-percent-fullwidth non-hundred-percent-height-scrolling\" style=\"--awb-background-blend-mode:overlay;--awb-border-radius-top-left:0px;--awb-border-radius-top-right:0px;--awb-border-radius-bottom-right:0px;--awb-border-radius-bottom-left:0px;--awb-min-height:500px;--awb-background-color:rgba(0,0,0,0.46);--awb-background-image:url(&quot;https:\/\/movingflores.com\/wp-content\/uploads\/2022\/03\/trasteros-y-guardamuebles-barcelona.jpg&quot;);--awb-background-size:cover;--awb-flex-wrap:wrap;\" ><div class=\"fusion-builder-row fusion-row fusion-flex-align-items-center fusion-flex-content-wrap\" style=\"max-width:1248px;margin-left: calc(-4% \/ 2 );margin-right: calc(-4% \/ 2 );\"><div class=\"fusion-layout-column fusion_builder_column fusion-builder-column-0 fusion_builder_column_1_1 1_1 fusion-flex-column\" style=\"--awb-bg-size:cover;--awb-width-large:100%;--awb-margin-top-large:0px;--awb-spacing-right-large:1.92%;--awb-margin-bottom-large:20px;--awb-spacing-left-large:1.92%;--awb-width-medium:100%;--awb-order-medium:0;--awb-spacing-right-medium:1.92%;--awb-spacing-left-medium:1.92%;--awb-width-small:100%;--awb-order-small:0;--awb-spacing-right-small:1.92%;--awb-spacing-left-small:1.92%;\"><div class=\"fusion-column-wrapper fusion-column-has-shadow fusion-flex-justify-content-flex-start fusion-content-layout-column\"><div class=\"fusion-title title fusion-title-1 fusion-sep-none fusion-title-text fusion-title-size-one\" style=\"--awb-text-color:#ffffff;--awb-margin-top-small:10px;--awb-margin-right-small:0px;--awb-margin-bottom-small:10px;--awb-margin-left-small:0px;\"><h1 class=\"fusion-title-heading title-heading-left fusion-responsive-typography-calculated\" style=\"margin:0;--fontSize:54;line-height:1.16;\">D\u00e9p\u00f4t de Meubles<\/h1><\/div><div class=\"fusion-text fusion-text-1\" style=\"--awb-text-transform:none;--awb-text-color:#ffffff;\"><p>Nous voulons vous offrir le meilleur service possible. Pour cette raison, nous restons \u00e0 votre disposition pour r\u00e9soudre tout doute que vous pourriez avoir.<\/p>\n<\/div><\/div><\/div><\/div><\/div><div class=\"fusion-fullwidth fullwidth-box fusion-builder-row-2 fusion-flex-container nonhundred-percent-fullwidth non-hundred-percent-height-scrolling\" style=\"--awb-border-radius-top-left:0px;--awb-border-radius-top-right:0px;--awb-border-radius-bottom-right:0px;--awb-border-radius-bottom-left:0px;--awb-margin-top:50px;--awb-flex-wrap:wrap;\" ><div class=\"fusion-builder-row fusion-row fusion-flex-align-items-flex-start fusion-flex-content-wrap\" style=\"max-width:1248px;margin-left: calc(-4% \/ 2 );margin-right: calc(-4% \/ 2 );\"><div class=\"fusion-layout-column fusion_builder_column fusion-builder-column-1 fusion_builder_column_1_2 1_2 fusion-flex-column fusion-animated\" style=\"--awb-bg-size:cover;--awb-width-large:50%;--awb-margin-top-large:0px;--awb-spacing-right-large:3.84%;--awb-margin-bottom-large:20px;--awb-spacing-left-large:3.84%;--awb-width-medium:50%;--awb-order-medium:0;--awb-spacing-right-medium:3.84%;--awb-spacing-left-medium:3.84%;--awb-width-small:100%;--awb-order-small:0;--awb-spacing-right-small:1.92%;--awb-spacing-left-small:1.92%;\" data-animationType=\"slideInLeft\" data-animationDuration=\"0.8\" data-animationOffset=\"top-into-view\"><div class=\"fusion-column-wrapper fusion-column-has-shadow fusion-flex-justify-content-flex-start fusion-content-layout-column\"><div class=\"fusion-title title fusion-title-2 fusion-sep-none fusion-title-text fusion-title-size-two\" style=\"--awb-margin-top-small:10px;--awb-margin-right-small:0px;--awb-margin-bottom-small:10px;--awb-margin-left-small:0px;\"><h2 class=\"fusion-title-heading title-heading-left fusion-responsive-typography-calculated\" style=\"margin:0;--fontSize:40;line-height:1.2;\">Nous entreposons vos meubles et objets<\/h2><\/div><div class=\"fusion-text fusion-text-2\" style=\"--awb-text-transform:none;\"><p>Vous ne savez toujours pas quelle sera votre prochaine destination pour d\u00e9m\u00e9nager?<\/p>\n<p><strong>Vous cherchez un endroit s\u00fbr<\/strong> o\u00f9 vos biens sont prot\u00e9g\u00e9s pendant un certain temps?<\/p>\n<p>Ne vous inqui\u00e9tez pas, nous avons \u00e9galement un entrep\u00f4t pour prendre soin de vos objets pendant la p\u00e9riode dont vous avez besoin.<\/p>\n<\/div><div style=\"text-align:center;\"><a class=\"fusion-button button-flat fusion-button-default-size button-default fusion-button-default button-1 fusion-button-default-span fusion-button-default-type\" target=\"_self\" href=\"https:\/\/movingflores.com\/fr\/demandez-votre-devis-gratuit\/\"><span class=\"fusion-button-text awb-button__text awb-button__text--default\">Obtenez votre budget gratuitement<\/span><i class=\"fa-angle-right fas awb-button__icon awb-button__icon--default button-icon-right\" aria-hidden=\"true\"><\/i><\/a><\/div><\/div><\/div><div class=\"fusion-layout-column fusion_builder_column fusion-builder-column-2 fusion_builder_column_1_2 1_2 fusion-flex-column fusion-flex-align-self-center fusion-animated\" style=\"--awb-bg-size:cover;--awb-width-large:50%;--awb-margin-top-large:0px;--awb-spacing-right-large:3.84%;--awb-margin-bottom-large:20px;--awb-spacing-left-large:3.84%;--awb-width-medium:50%;--awb-order-medium:0;--awb-spacing-right-medium:3.84%;--awb-spacing-left-medium:3.84%;--awb-width-small:100%;--awb-order-small:0;--awb-spacing-right-small:1.92%;--awb-spacing-left-small:1.92%;\" data-animationType=\"slideInRight\" data-animationDuration=\"0.8\" data-animationOffset=\"top-into-view\"><div class=\"fusion-column-wrapper fusion-column-has-shadow fusion-flex-justify-content-flex-start fusion-content-layout-column\"><div class=\"fusion-image-element \" style=\"--awb-caption-title-font-family:var(--h2_typography-font-family);--awb-caption-title-font-weight:var(--h2_typography-font-weight);--awb-caption-title-font-style:var(--h2_typography-font-style);--awb-caption-title-size:var(--h2_typography-font-size);--awb-caption-title-transform:var(--h2_typography-text-transform);--awb-caption-title-line-height:var(--h2_typography-line-height);--awb-caption-title-letter-spacing:var(--h2_typography-letter-spacing);\"><span class=\" fusion-imageframe imageframe-none imageframe-1 hover-type-none\"><img decoding=\"async\" width=\"600\" height=\"453\" alt=\"nos-entrep\u00f4ts\" title=\"nos-entrep\u00f4ts\" src=\"https:\/\/movingflores.com\/wp-content\/uploads\/2022\/04\/nuestros-almacenes.jpg\" class=\"img-responsive wp-image-643\" srcset=\"https:\/\/movingflores.com\/wp-content\/uploads\/2022\/04\/nuestros-almacenes-200x151.jpg 200w, https:\/\/movingflores.com\/wp-content\/uploads\/2022\/04\/nuestros-almacenes-400x302.jpg 400w, https:\/\/movingflores.com\/wp-content\/uploads\/2022\/04\/nuestros-almacenes.jpg 600w\" sizes=\"(max-width: 640px) 100vw, 600px\" \/><\/span><\/div><\/div><\/div><\/div><\/div><div class=\"fusion-fullwidth fullwidth-box fusion-builder-row-3 fusion-flex-container nonhundred-percent-fullwidth non-hundred-percent-height-scrolling\" style=\"--awb-border-radius-top-left:0px;--awb-border-radius-top-right:0px;--awb-border-radius-bottom-right:0px;--awb-border-radius-bottom-left:0px;--awb-padding-top:50px;--awb-flex-wrap:wrap;\" ><div class=\"fusion-builder-row fusion-row fusion-flex-align-items-flex-start fusion-flex-content-wrap\" style=\"max-width:1248px;margin-left: calc(-4% \/ 2 );margin-right: calc(-4% \/ 2 );\"><div class=\"fusion-layout-column fusion_builder_column fusion-builder-column-3 fusion_builder_column_1_2 1_2 fusion-flex-column fusion-flex-align-self-center fusion-animated\" style=\"--awb-bg-size:cover;--awb-width-large:50%;--awb-margin-top-large:0px;--awb-spacing-right-large:3.84%;--awb-margin-bottom-large:20px;--awb-spacing-left-large:3.84%;--awb-width-medium:50%;--awb-order-medium:0;--awb-spacing-right-medium:3.84%;--awb-spacing-left-medium:3.84%;--awb-width-small:100%;--awb-order-small:0;--awb-spacing-right-small:1.92%;--awb-spacing-left-small:1.92%;\" data-animationType=\"slideInLeft\" data-animationDuration=\"0.8\" data-animationOffset=\"top-into-view\"><div class=\"fusion-column-wrapper fusion-column-has-shadow fusion-flex-justify-content-flex-start fusion-content-layout-column\"><div class=\"fusion-image-element \" style=\"--awb-caption-title-font-family:var(--h2_typography-font-family);--awb-caption-title-font-weight:var(--h2_typography-font-weight);--awb-caption-title-font-style:var(--h2_typography-font-style);--awb-caption-title-size:var(--h2_typography-font-size);--awb-caption-title-transform:var(--h2_typography-text-transform);--awb-caption-title-line-height:var(--h2_typography-line-height);--awb-caption-title-letter-spacing:var(--h2_typography-letter-spacing);\"><span class=\" fusion-imageframe imageframe-none imageframe-2 hover-type-none\"><img decoding=\"async\" width=\"600\" height=\"453\" alt=\"Surveillance-24h\" title=\"Surveillance-24h\" src=\"https:\/\/movingflores.com\/wp-content\/uploads\/2022\/04\/vigilancia-las-24-horas.jpg\" class=\"img-responsive wp-image-644\" srcset=\"https:\/\/movingflores.com\/wp-content\/uploads\/2022\/04\/vigilancia-las-24-horas-200x151.jpg 200w, https:\/\/movingflores.com\/wp-content\/uploads\/2022\/04\/vigilancia-las-24-horas-400x302.jpg 400w, https:\/\/movingflores.com\/wp-content\/uploads\/2022\/04\/vigilancia-las-24-horas.jpg 600w\" sizes=\"(max-width: 640px) 100vw, 600px\" \/><\/span><\/div><\/div><\/div><div class=\"fusion-layout-column fusion_builder_column fusion-builder-column-4 fusion_builder_column_1_2 1_2 fusion-flex-column fusion-animated\" style=\"--awb-bg-size:cover;--awb-width-large:50%;--awb-margin-top-large:0px;--awb-spacing-right-large:3.84%;--awb-margin-bottom-large:20px;--awb-spacing-left-large:3.84%;--awb-width-medium:50%;--awb-order-medium:0;--awb-spacing-right-medium:3.84%;--awb-spacing-left-medium:3.84%;--awb-width-small:100%;--awb-order-small:0;--awb-spacing-right-small:1.92%;--awb-spacing-left-small:1.92%;\" data-animationType=\"slideInRight\" data-animationDuration=\"0.8\" data-animationOffset=\"top-into-view\"><div class=\"fusion-column-wrapper fusion-column-has-shadow fusion-flex-justify-content-flex-start fusion-content-layout-column\"><div class=\"fusion-title title fusion-title-3 fusion-sep-none fusion-title-text fusion-title-size-two\" style=\"--awb-margin-top-small:10px;--awb-margin-right-small:0px;--awb-margin-bottom-small:10px;--awb-margin-left-small:0px;\"><h2 class=\"fusion-title-heading title-heading-left fusion-responsive-typography-calculated\" style=\"margin:0;--fontSize:40;line-height:1.2;\">Vigilance les 24 heures de la journ\u00e9e<\/h2><\/div><div class=\"fusion-text fusion-text-3\" style=\"--awb-text-transform:none;\"><p>Nos <strong>conteneurs<\/strong>, <strong>cam\u00e9ras de vid\u00e9osurveillance<\/strong> et <strong>alarmes<\/strong> sont nos meilleurs alli\u00e9s pour vous garantir un service fiable, <strong>op\u00e9rationnel 24h\/24<\/strong>. Ceux-ci nous aident \u00e0 \u00e9viter que vos biens ne subissent tout acte criminel.<\/p>\n<p>De plus, nous avons une <strong>police d&rsquo;assurance<\/strong> au cas o\u00f9 vos biens seraient endommag\u00e9s par un incident naturel. De cette fa\u00e7on, nous assumons l&rsquo;enti\u00e8re responsabilit\u00e9 du service que nous fournissons, garantissant la confiance et la s\u00e9curit\u00e9.<\/p>\n<\/div><div style=\"text-align:center;\"><a class=\"fusion-button button-flat fusion-button-default-size button-default fusion-button-default button-2 fusion-button-default-span fusion-button-default-type\" target=\"_self\" href=\"https:\/\/movingflores.com\/fr\/demandez-votre-devis-gratuit\/\"><span class=\"fusion-button-text awb-button__text awb-button__text--default\">Obtenez votre budget gratuitement<\/span><i class=\"fa-angle-right fas awb-button__icon awb-button__icon--default button-icon-right\" aria-hidden=\"true\"><\/i><\/a><\/div><\/div><\/div><\/div><\/div><\/p>\n","protected":false},"excerpt":{"rendered":"","protected":false},"author":1,"featured_media":0,"parent":0,"menu_order":0,"comment_status":"closed","ping_status":"closed","template":"100-width.php","meta":{"footnotes":""},"class_list":["post-680","page","type-page","status-publish","hentry"],"yoast_head":"<!-- This site is optimized with the Yoast SEO plugin v27.5 - https:\/\/yoast.com\/product\/yoast-seo-wordpress\/ -->\n<title>D\u00e9p\u00f4t de Meubles - Moving Flores<\/title>\n<meta name=\"robots\" content=\"index, follow, max-snippet:-1, max-image-preview:large, max-video-preview:-1\" \/>\n<link rel=\"canonical\" href=\"https:\/\/movingflores.com\/fr\/depot-de-meubles\/\" \/>\n<meta property=\"og:locale\" content=\"fr_FR\" \/>\n<meta property=\"og:type\" content=\"article\" \/>\n<meta property=\"og:title\" content=\"D\u00e9p\u00f4t de Meubles - Moving Flores\" \/>\n<meta property=\"og:url\" content=\"https:\/\/movingflores.com\/fr\/depot-de-meubles\/\" \/>\n<meta property=\"og:site_name\" content=\"Moving Flores\" \/>\n<meta property=\"article:modified_time\" content=\"2022-05-05T09:41:16+00:00\" \/>\n<meta name=\"twitter:card\" content=\"summary_large_image\" \/>\n<meta name=\"twitter:label1\" content=\"Dur\u00e9e de lecture estim\u00e9e\" \/>\n\t<meta name=\"twitter:data1\" content=\"21 minutes\" \/>\n<script type=\"application\/ld+json\" class=\"yoast-schema-graph\">{\"@context\":\"https:\\\/\\\/schema.org\",\"@graph\":[{\"@type\":\"WebPage\",\"@id\":\"https:\\\/\\\/movingflores.com\\\/fr\\\/depot-de-meubles\\\/\",\"url\":\"https:\\\/\\\/movingflores.com\\\/fr\\\/depot-de-meubles\\\/\",\"name\":\"D\u00e9p\u00f4t de Meubles - Moving Flores\",\"isPartOf\":{\"@id\":\"https:\\\/\\\/movingflores.com\\\/#website\"},\"datePublished\":\"2022-03-22T10:25:43+00:00\",\"dateModified\":\"2022-05-05T09:41:16+00:00\",\"breadcrumb\":{\"@id\":\"https:\\\/\\\/movingflores.com\\\/fr\\\/depot-de-meubles\\\/#breadcrumb\"},\"inLanguage\":\"fr-FR\",\"potentialAction\":[{\"@type\":\"ReadAction\",\"target\":[\"https:\\\/\\\/movingflores.com\\\/fr\\\/depot-de-meubles\\\/\"]}]},{\"@type\":\"BreadcrumbList\",\"@id\":\"https:\\\/\\\/movingflores.com\\\/fr\\\/depot-de-meubles\\\/#breadcrumb\",\"itemListElement\":[{\"@type\":\"ListItem\",\"position\":1,\"name\":\"Portada\",\"item\":\"https:\\\/\\\/movingflores.com\\\/fr\\\/\"},{\"@type\":\"ListItem\",\"position\":2,\"name\":\"D\u00e9p\u00f4t de Meubles\"}]},{\"@type\":\"WebSite\",\"@id\":\"https:\\\/\\\/movingflores.com\\\/#website\",\"url\":\"https:\\\/\\\/movingflores.com\\\/\",\"name\":\"Moving Flores\",\"description\":\"Transportes Flores\",\"potentialAction\":[{\"@type\":\"SearchAction\",\"target\":{\"@type\":\"EntryPoint\",\"urlTemplate\":\"https:\\\/\\\/movingflores.com\\\/?s={search_term_string}\"},\"query-input\":{\"@type\":\"PropertyValueSpecification\",\"valueRequired\":true,\"valueName\":\"search_term_string\"}}],\"inLanguage\":\"fr-FR\"}]}<\/script>\n<!-- \/ Yoast SEO plugin. -->","yoast_head_json":{"title":"D\u00e9p\u00f4t de Meubles - Moving Flores","robots":{"index":"index","follow":"follow","max-snippet":"max-snippet:-1","max-image-preview":"max-image-preview:large","max-video-preview":"max-video-preview:-1"},"canonical":"https:\/\/movingflores.com\/fr\/depot-de-meubles\/","og_locale":"fr_FR","og_type":"article","og_title":"D\u00e9p\u00f4t de Meubles - Moving Flores","og_url":"https:\/\/movingflores.com\/fr\/depot-de-meubles\/","og_site_name":"Moving Flores","article_modified_time":"2022-05-05T09:41:16+00:00","twitter_card":"summary_large_image","twitter_misc":{"Dur\u00e9e de lecture estim\u00e9e":"21 minutes"},"schema":{"@context":"https:\/\/schema.org","@graph":[{"@type":"WebPage","@id":"https:\/\/movingflores.com\/fr\/depot-de-meubles\/","url":"https:\/\/movingflores.com\/fr\/depot-de-meubles\/","name":"D\u00e9p\u00f4t de Meubles - Moving Flores","isPartOf":{"@id":"https:\/\/movingflores.com\/#website"},"datePublished":"2022-03-22T10:25:43+00:00","dateModified":"2022-05-05T09:41:16+00:00","breadcrumb":{"@id":"https:\/\/movingflores.com\/fr\/depot-de-meubles\/#breadcrumb"},"inLanguage":"fr-FR","potentialAction":[{"@type":"ReadAction","target":["https:\/\/movingflores.com\/fr\/depot-de-meubles\/"]}]},{"@type":"BreadcrumbList","@id":"https:\/\/movingflores.com\/fr\/depot-de-meubles\/#breadcrumb","itemListElement":[{"@type":"ListItem","position":1,"name":"Portada","item":"https:\/\/movingflores.com\/fr\/"},{"@type":"ListItem","position":2,"name":"D\u00e9p\u00f4t de Meubles"}]},{"@type":"WebSite","@id":"https:\/\/movingflores.com\/#website","url":"https:\/\/movingflores.com\/","name":"Moving Flores","description":"Transportes Flores","potentialAction":[{"@type":"SearchAction","target":{"@type":"EntryPoint","urlTemplate":"https:\/\/movingflores.com\/?s={search_term_string}"},"query-input":{"@type":"PropertyValueSpecification","valueRequired":true,"valueName":"search_term_string"}}],"inLanguage":"fr-FR"}]}},"_links":{"self":[{"href":"https:\/\/movingflores.com\/fr\/wp-json\/wp\/v2\/pages\/680","targetHints":{"allow":["GET"]}}],"collection":[{"href":"https:\/\/movingflores.com\/fr\/wp-json\/wp\/v2\/pages"}],"about":[{"href":"https:\/\/movingflores.com\/fr\/wp-json\/wp\/v2\/types\/page"}],"author":[{"embeddable":true,"href":"https:\/\/movingflores.com\/fr\/wp-json\/wp\/v2\/users\/1"}],"replies":[{"embeddable":true,"href":"https:\/\/movingflores.com\/fr\/wp-json\/wp\/v2\/comments?post=680"}],"version-history":[{"count":5,"href":"https:\/\/movingflores.com\/fr\/wp-json\/wp\/v2\/pages\/680\/revisions"}],"predecessor-version":[{"id":710,"href":"https:\/\/movingflores.com\/fr\/wp-json\/wp\/v2\/pages\/680\/revisions\/710"}],"wp:attachment":[{"href":"https:\/\/movingflores.com\/fr\/wp-json\/wp\/v2\/media?parent=680"}],"curies":[{"name":"wp","href":"https:\/\/api.w.org\/{rel}","templated":true}]}}